{"id":37,"date":"2018-04-30T23:08:24","date_gmt":"2018-04-30T23:08:24","guid":{"rendered":"http:\/\/montalvoabogados.com\/site\/?page_id=37"},"modified":"2018-04-30T23:11:41","modified_gmt":"2018-04-30T23:11:41","slug":"areas-de-practica","status":"publish","type":"page","link":"http:\/\/montalvoabogados.com\/site\/areas-de-practica\/","title":{"rendered":"Areas de Pr\u00e1ctica"},"content":{"rendered":"<div class=\"fusion-fullwidth fullwidth-box nonhundred-percent-fullwidth non-hundred-percent-height-scrolling\"  style='background-color: rgba(255,255,255,0);background-position: center center;background-repeat: no-repeat;padding-top:0px;padding-right:0px;padding-bottom:0px;padding-left:0px;'><div class=\"fusion-builder-row fusion-row \"><div  class=\"fusion-layout-column fusion_builder_column fusion_builder_column_1_4  fusion-one-fourth fusion-column-first fusion-column-inner-bg-wrapper 1_4\"  style='margin-top:0px;margin-bottom:20px;width:25%;width:calc(25% - ( ( 4% ) * 0.25 ) );margin-right: 4%;'>\n\t\t\t\t\t<div class=\"fusion-column-wrapper\" style=\"padding: 0px 0px 0px 0px;\" data-bg-url=\"\">\n\t\t\t\t\t\t<div class=\"fusion-image-carousel fusion-image-carousel-fixed fusion-carousel-border\"><div class=\"fusion-carousel\" data-autoplay=\"yes\" data-columns=\"1\" data-itemmargin=\"13\" data-itemwidth=\"180\" data-touchscroll=\"no\" data-imagesize=\"fixed\"><div class=\"fusion-carousel-positioner\"><ul class=\"fusion-carousel-holder\"><li class=\"fusion-carousel-item\"><div class=\"fusion-carousel-item-wrapper\"><div class=\"fusion-image-wrapper hover-type-zoomin\"><img loading=\"lazy\" decoding=\"async\" width=\"460\" height=\"295\" src=\"http:\/\/montalvoabogados.com\/site\/wp-content\/uploads\/2018\/04\/ABOGADOS-460x295.jpg\" class=\"attachment-portfolio-two size-portfolio-two\" alt=\"\" \/><\/div><\/div><\/li><li class=\"fusion-carousel-item\"><div class=\"fusion-carousel-item-wrapper\"><div class=\"fusion-image-wrapper hover-type-zoomin\"><img loading=\"lazy\" decoding=\"async\" width=\"460\" height=\"295\" src=\"http:\/\/montalvoabogados.com\/site\/wp-content\/uploads\/2018\/04\/palacio-de-gobierno-nl-460x295.jpg\" class=\"attachment-portfolio-two size-portfolio-two\" alt=\"\" \/><\/div><\/div><\/li><\/ul><\/div><\/div><\/div><div class=\"fusion-clearfix\"><\/div>\n\t\t\t\t\t<\/div>\n\t\t\t\t\t<span class=\"fusion-column-inner-bg hover-type-zoomin\">\n\t\t\t\t\t\t<a  aria-label=\"\">\n\t\t\t\t\t\t\t<span class=\"fusion-column-inner-bg-image\" style=\"background-position:left top;background-repeat:no-repeat;-webkit-background-size:cover;-moz-background-size:cover;-o-background-size:cover;background-size:cover;\"><\/span><\/a>\n\t\t\t\t\t<\/span>\n\t\t\t\t<\/div><div  class=\"fusion-layout-column fusion_builder_column fusion_builder_column_3_4  fusion-three-fourth fusion-column-last 3_4\"  style='margin-top:0px;margin-bottom:20px;width:75%;width:calc(75% - ( ( 4% ) * 0.75 ) );'>\n\t\t\t\t\t<div class=\"fusion-column-wrapper\" style=\"background-position:left top;background-repeat:no-repeat;-webkit-background-size:cover;-moz-background-size:cover;-o-background-size:cover;background-size:cover;\"  data-bg-url=\"\">\n\t\t\t\t\t\t<div class=\"fusion-tabs fusion-tabs-1 classic horizontal-tabs icon-position-left\"><style type=\"text\/css\">.fusion-tabs.fusion-tabs-1 .nav-tabs li a{border-top-color:#ebeaea;background-color:#ebeaea;}.fusion-tabs.fusion-tabs-1 .nav-tabs{background-color:#ffffff;}.fusion-tabs.fusion-tabs-1 .nav-tabs li.active a,.fusion-tabs.fusion-tabs-1 .nav-tabs li.active a:hover,.fusion-tabs.fusion-tabs-1 .nav-tabs li.active a:focus{border-right-color:#ffffff;}.fusion-tabs.fusion-tabs-1 .nav-tabs li.active a,.fusion-tabs.fusion-tabs-1 .nav-tabs li.active a:hover,.fusion-tabs.fusion-tabs-1 .nav-tabs li.active a:focus{background-color:#ffffff;}.fusion-tabs.fusion-tabs-1 .nav-tabs li a:hover{background-color:#ffffff;border-top-color:#ffffff;}.fusion-tabs.fusion-tabs-1 .tab-pane{background-color:#ffffff;}.fusion-tabs.fusion-tabs-1 .nav,.fusion-tabs.fusion-tabs-1 .nav-tabs,.fusion-tabs.fusion-tabs-1 .tab-content .tab-pane{border-color:#ebeaea;}<\/style><div class=\"nav\"><ul class=\"nav-tabs nav-justified\"><li class=\"active\"><a class=\"tab-link\" data-toggle=\"tab\" id=\"fusion-tab-penal\" href=\"#tab-22baa4644ef3afbc060\"><h4 class=\"fusion-tab-heading\">PENAL<\/h4><\/a><\/li><li><a class=\"tab-link\" data-toggle=\"tab\" id=\"fusion-tab-mercantil\" href=\"#tab-ff10ea1d00916922542\"><h4 class=\"fusion-tab-heading\">MERCANTIL<\/h4><\/a><\/li><li><a class=\"tab-link\" data-toggle=\"tab\" id=\"fusion-tab-civil\" href=\"#tab-cf7224502bcde5a5003\"><h4 class=\"fusion-tab-heading\">CIVIL<\/h4><\/a><\/li><li><a class=\"tab-link\" data-toggle=\"tab\" id=\"fusion-tab-familiar\" href=\"#tab-1b808f24bbf21179cd5\"><h4 class=\"fusion-tab-heading\">FAMILIAR<\/h4><\/a><\/li><li><a class=\"tab-link\" data-toggle=\"tab\" id=\"fusion-tab-administrativo\" href=\"#tab-3d17c161944b2a171b7\"><h4 class=\"fusion-tab-heading\">ADMINISTRATIVO<\/h4><\/a><\/li><li><a class=\"tab-link\" data-toggle=\"tab\" id=\"fusion-tab-corporativo\" href=\"#tab-55762a3796fc1210163\"><h4 class=\"fusion-tab-heading\">CORPORATIVO<\/h4><\/a><\/li><li><a class=\"tab-link\" data-toggle=\"tab\" id=\"fusion-tab-inmobiliario\" href=\"#tab-a8e5e7143e9277484ba\"><h4 class=\"fusion-tab-heading\">INMOBILIARIO<\/h4><\/a><\/li><\/ul><\/div><div class=\"tab-content\"><div class=\"nav fusion-mobile-tab-nav\"><ul class=\"nav-tabs nav-justified\"><li class=\"active\"><a class=\"tab-link\" data-toggle=\"tab\" id=\"mobile-fusion-tab-penal\" href=\"#tab-22baa4644ef3afbc060\"><h4 class=\"fusion-tab-heading\">PENAL<\/h4><\/a><\/li><\/ul><\/div><div class=\"tab-pane fade in active\" id=\"tab-22baa4644ef3afbc060\">\n<p><strong>MATERIA PENAL<\/strong><\/p>\n<p>Estamos altamente capacitados y especializados en asuntos de materia penal, brindando a nuestros clientes \u00e9xito en los procedimientos que se manejan en Tribunales Estatales y Federales, as\u00ed como tambi\u00e9n en Tribunales y Organizaciones de Arbitraje.<\/p>\n<p>Entre los asuntos en materia penal que manejamos se encuentras:<\/p>\n<ul>\n<li>Representaci\u00f3n judicial a demandados, indicados e inculpados en procesos penales.<\/li>\n<li>Interposici\u00f3n de Juicios de amparo contra cualquier acto de autoridad.<\/li>\n<li>Incidentes no especificados dentro de procedimiento penal federal.<\/li>\n<li>Devoluci\u00f3n de bienes asegurados.<\/li>\n<li>Negociaciones Extrajudiciales.<\/li>\n<li>Asuntos Patrimoniales.<\/li>\n<li>Apelaciones y Recursos en materia penal.<\/li>\n<\/ul>\n<p>Cont\u00e1ctenos, con gusto le asesoramos y presentaremos las instancias legales con las que cuenta<\/p>\n<\/div><div class=\"nav fusion-mobile-tab-nav\"><ul class=\"nav-tabs nav-justified\"><li><a class=\"tab-link\" data-toggle=\"tab\" id=\"mobile-fusion-tab-mercantil\" href=\"#tab-ff10ea1d00916922542\"><h4 class=\"fusion-tab-heading\">MERCANTIL<\/h4><\/a><\/li><\/ul><\/div><div class=\"tab-pane fade\" id=\"tab-ff10ea1d00916922542\">\n<p><strong>MATERIA MERCANTIL<\/strong><\/p>\n<p>Especializados en Derecho Mercantil, nuestro despacho destaca por haber participado en exitosas resoluciones para\u00a0 nuestros clientes, entre otros servicios en materia mercantil destacan:<\/p>\n<ul>\n<li>Recuperaci\u00f3n judicial y\/o\u00a0 extrajudicial , del pago de deudas e indemnizaciones.<\/li>\n<li>Juicios Ejecutivos Mercantiles: Cobranza de T\u00edtulos de Cr\u00e9dito, Letras de Cambio, Pagares, cheques.<\/li>\n<li>Juicios Ordinarios Mercantiles: Cumplimiento de contratos e incumplimiento de contratos.<\/li>\n<li>Medios preparatorios de Juicio.<\/li>\n<li>Providencias precautorias de embargo.<\/li>\n<li>Apelaciones y Recursos en material Mercantil<\/li>\n<\/ul>\n<p>Tenemos soluciones, cont\u00e1ctenos y conozca nuestras propuestas.<\/p>\n<\/div><div class=\"nav fusion-mobile-tab-nav\"><ul class=\"nav-tabs nav-justified\"><li><a class=\"tab-link\" data-toggle=\"tab\" id=\"mobile-fusion-tab-civil\" href=\"#tab-cf7224502bcde5a5003\"><h4 class=\"fusion-tab-heading\">CIVIL<\/h4><\/a><\/li><\/ul><\/div><div class=\"tab-pane fade\" id=\"tab-cf7224502bcde5a5003\">\n<p><strong>MATERIA CIVIL<\/strong><\/p>\n<p>Dentro de esta \u00e1rea se encuentran principalmente el derecho de personas (estado civil, derechos de la personalidad), el derecho de bienes (estudios de t\u00edtulos y garant\u00edas reales, propiedad horizontal) y el derecho de los contratos civiles (compras-ventas, cesiones, hipotecas y otros como son:<\/p>\n<ul>\n<li>Asuntos relacionados a la propiedad (Posesi\u00f3n de bienes inmuebles, Juicio sucesorio testamentario, juicio de intestados, Testamentos ordinarios y especiales.)<\/li>\n<li>Asesor\u00eda y elaboraci\u00f3n de Contratos de Compra-Venta, Promesa y Arrendamiento.<\/li>\n<li>Acciones de \u2013Prescripci\u00f3n Adquisitiva.<\/li>\n<li>Acci\u00f3n Reivindicatoria.<\/li>\n<li>Compraventa, Arrendamiento.<\/li>\n<li>Cartas Poder.<\/li>\n<li>Sociedad Civil.<\/li>\n<li>Asociaci\u00f3n Civil.<\/li>\n<li>Juicio Ordinario<\/li>\n<li>Juicio Especial sobre cuestiones de Arrendamiento<\/li>\n<\/ul>\n<\/div><div class=\"nav fusion-mobile-tab-nav\"><ul class=\"nav-tabs nav-justified\"><li><a class=\"tab-link\" data-toggle=\"tab\" id=\"mobile-fusion-tab-familiar\" href=\"#tab-1b808f24bbf21179cd5\"><h4 class=\"fusion-tab-heading\">FAMILIAR<\/h4><\/a><\/li><\/ul><\/div><div class=\"tab-pane fade\" id=\"tab-1b808f24bbf21179cd5\">\n<p><strong>MATERIA FAMILIAR<\/strong><\/p>\n<p>Entre los servicios que atendemos en nuestra \u00e1rea de derecho familiar se encuentran:<\/p>\n<ul>\n<li>Divorcios voluntarios, por mutuo acuerdo o necesarios.<\/li>\n<li>Juicios de controversias del orden familiar entre otros: Pensi\u00f3n alimenticia, Patria protestad, pensiones alimenticias, cambio de r\u00e9gimen matrimonial, guarda u custodia, r\u00e9gimen visitas.<\/li>\n<li>Secesiones.<\/li>\n<li>Rectificaci\u00f3n de actas.<\/li>\n<li>Acreditaci\u00f3n de concubinato.<\/li>\n<li>Jurisdicci\u00f3n voluntaria, Permisos a menores sujetos a la patria protestad para viajar fuera del pa\u00eds.<\/li>\n<li>Liquidaci\u00f3n de la Sociedad Conyugal, Part\u00eda Protestad: Suspensi\u00f3n, P\u00e9rdida, Recuperaci\u00f3n, Medios Preparatorios a Juicio.<\/li>\n<li>Diligencias Preliminares de consignaci\u00f3n, Embargo Precautorio.<\/li>\n<li>Nulidad de Matrimonio.<\/li>\n<li>Legados, Herencias, Juicio Sucesorio, \u00a0Intestamentario: Repudio, Renuncia, Declaraci\u00f3n de Herederos, Nombramientos de Albacea, Acci\u00f3n de Petici\u00f3n de Herencia.<\/li>\n<\/ul>\n<\/div><div class=\"nav fusion-mobile-tab-nav\"><ul class=\"nav-tabs nav-justified\"><li><a class=\"tab-link\" data-toggle=\"tab\" id=\"mobile-fusion-tab-administrativo\" href=\"#tab-3d17c161944b2a171b7\"><h4 class=\"fusion-tab-heading\">ADMINISTRATIVO<\/h4><\/a><\/li><\/ul><\/div><div class=\"tab-pane fade\" id=\"tab-3d17c161944b2a171b7\">\n<p><strong>DERECHO ADMINISTRATIVO<\/strong><\/p>\n<p>Somos abogados especialistas en demandas de amparo, demandas de nulidad, recursos administrativos y seguimiento de juicios y procedimientos ante Poder Judicial Federal, Tribunales Administrativos Federales y Locales o autoridades administrativas, donde nuestra experiencia se encuentra avalada con innumerables resoluciones a los intereses de nuestros clientes.<\/p>\n<p>Tambi\u00e9n brindamos servicios legales que protegen a nuestros clientes de las arbitrariedades de las autoridades, ofreci\u00e9ndoles asesor\u00eda y representaci\u00f3n legal en materia de :<\/p>\n<ul>\n<li>Queja por deficiencia en la conducta del servidor p\u00fablico y\/o sobre la prestaci\u00f3n de servicios.<\/li>\n<li>Recurso de Revocaci\u00f3n, Amparo.<\/li>\n<li>Procuradur\u00eda Federal del Consumidor.<\/li>\n<li>Secretar\u00eda de Relaciones Exteriores<\/li>\n<li>Secretar\u00eda de Econom\u00eda.<\/li>\n<\/ul>\n<\/div><div class=\"nav fusion-mobile-tab-nav\"><ul class=\"nav-tabs nav-justified\"><li><a class=\"tab-link\" data-toggle=\"tab\" id=\"mobile-fusion-tab-corporativo\" href=\"#tab-55762a3796fc1210163\"><h4 class=\"fusion-tab-heading\">CORPORATIVO<\/h4><\/a><\/li><\/ul><\/div><div class=\"tab-pane fade\" id=\"tab-55762a3796fc1210163\">\n<p>MATERIA COPORATIVA<\/p>\n<p>La experiencia adquirida en esta \u00e1rea del derecho, nos permite garantizar la certeza jur\u00eddica de los proyectos y negocios de nuestros clientes.<\/p>\n<p>Entre otros servicios destacan:<\/p>\n<ul>\n<li>Constituci\u00f3n de Sociedades _Mercantiles.<\/li>\n<li>Contratos.<\/li>\n<li>Fusiones y Adquisiciones.<\/li>\n<li>Liquidaci\u00f3n, disoluci\u00f3n, \u00a0escisi\u00f3n, fusi\u00f3n, adquisici\u00f3n, y reestructuraci\u00f3n de sociedades.<\/li>\n<li>Negociaci\u00f3n de convenios entre accionistas y planeaci\u00f3n de esquemas fiscales y corporativos para empresas y sus subsidiarias y filiales.<\/li>\n<li>Acuerdos con proveedores.<\/li>\n<li>Reestructuraciones financieras.<\/li>\n<\/ul>\n<\/div><div class=\"nav fusion-mobile-tab-nav\"><ul class=\"nav-tabs nav-justified\"><li><a class=\"tab-link\" data-toggle=\"tab\" id=\"mobile-fusion-tab-inmobiliario\" href=\"#tab-a8e5e7143e9277484ba\"><h4 class=\"fusion-tab-heading\">INMOBILIARIO<\/h4><\/a><\/li><\/ul><\/div><div class=\"tab-pane fade\" id=\"tab-a8e5e7143e9277484ba\">\n<p>MATERIA INMOBILIARIA<\/p>\n<p>En general, el \u00e1rea inmobiliaria del Despacho incluye:<\/p>\n<ul>\n<li>Asesor\u00eda y estructuraci\u00f3n de esquemas legales aplicables a operaciones inmobiliarias de tipo industrial, comercial, residencial.<\/li>\n<li>Negociaci\u00f3n y elaboraci\u00f3n de contratos para el desarrollo y operaci\u00f3n de parques industriales o condominios.<\/li>\n<li>Dise\u00f1o de esquemas y negociaci\u00f3n de contratos para la adquisici\u00f3n o arrendamiento de inmuebles para plantas industriales, centros comerciales y hoteles.<\/li>\n<li>Realizaci\u00f3n de todo tipo de gestiones y tr\u00e1mites ante las autoridades competentes en materia de desarrollo urbano, zonificaci\u00f3n, construcci\u00f3n y usos de suelo.<\/li>\n<li>Revisi\u00f3n y evaluaci\u00f3n de los datos y antecedentes de inmuebles en el Registro Publico de la Propiedad y de Comercio y en las oficinas catastrales.<\/li>\n<\/ul>\n<\/div><\/div><\/div><div class=\"fusion-clearfix\"><\/div>\n\n\t\t\t\t\t<\/div>\n\t\t\t\t<\/div><\/div><\/div>\n","protected":false},"excerpt":{"rendered":"","protected":false},"author":1,"featured_media":0,"parent":0,"menu_order":0,"comment_status":"closed","ping_status":"closed","template":"","meta":{"om_disable_all_campaigns":false,"_monsterinsights_skip_tracking":false,"_monsterinsights_sitenote_active":false,"_monsterinsights_sitenote_note":"","_monsterinsights_sitenote_category":0,"footnotes":""},"class_list":["post-37","page","type-page","status-publish","hentry"],"_links":{"self":[{"href":"http:\/\/montalvoabogados.com\/site\/wp-json\/wp\/v2\/pages\/37","targetHints":{"allow":["GET"]}}],"collection":[{"href":"http:\/\/montalvoabogados.com\/site\/wp-json\/wp\/v2\/pages"}],"about":[{"href":"http:\/\/montalvoabogados.com\/site\/wp-json\/wp\/v2\/types\/page"}],"author":[{"embeddable":true,"href":"http:\/\/montalvoabogados.com\/site\/wp-json\/wp\/v2\/users\/1"}],"replies":[{"embeddable":true,"href":"http:\/\/montalvoabogados.com\/site\/wp-json\/wp\/v2\/comments?post=37"}],"version-history":[{"count":3,"href":"http:\/\/montalvoabogados.com\/site\/wp-json\/wp\/v2\/pages\/37\/revisions"}],"predecessor-version":[{"id":42,"href":"http:\/\/montalvoabogados.com\/site\/wp-json\/wp\/v2\/pages\/37\/revisions\/42"}],"wp:attachment":[{"href":"http:\/\/montalvoabogados.com\/site\/wp-json\/wp\/v2\/media?parent=37"}],"curies":[{"name":"wp","href":"https:\/\/api.w.org\/{rel}","templated":true}]}}