{"id":2,"date":"2017-06-08T20:42:17","date_gmt":"2017-06-08T20:42:17","guid":{"rendered":"http:\/\/montalvoabogados.com\/site\/?page_id=2"},"modified":"2018-04-30T19:08:46","modified_gmt":"2018-04-30T19:08:46","slug":"sample-page","status":"publish","type":"page","link":"http:\/\/montalvoabogados.com\/site\/","title":{"rendered":"Bienvenida"},"content":{"rendered":"<div class=\"fusion-fullwidth fullwidth-box nonhundred-percent-fullwidth non-hundred-percent-height-scrolling\"  style='background-color: rgba(255,255,255,0);background-position: center center;background-repeat: no-repeat;padding-top:0px;padding-right:0px;padding-bottom:0px;padding-left:0px;'><div class=\"fusion-builder-row fusion-row \"><div  class=\"fusion-layout-column fusion_builder_column fusion_builder_column_1_4  fusion-one-fourth fusion-column-first 1_4\"  style='margin-top:0px;margin-bottom:20px;width:25%;width:calc(25% - ( ( 4% ) * 0.25 ) );margin-right: 4%;'>\n\t\t\t\t\t<div class=\"fusion-column-wrapper\" style=\"background-position:left top;background-repeat:no-repeat;-webkit-background-size:cover;-moz-background-size:cover;-o-background-size:cover;background-size:cover;\"  data-bg-url=\"\">\n\t\t\t\t\t\t<div class=\"fusion-image-carousel fusion-image-carousel-fixed fusion-no-small-visibility fusion-no-medium-visibility fusion-carousel-border\"><div class=\"fusion-carousel\" data-autoplay=\"yes\" data-columns=\"1\" data-itemmargin=\"13\" data-itemwidth=\"180\" data-touchscroll=\"no\" data-imagesize=\"fixed\"><div class=\"fusion-carousel-positioner\"><ul class=\"fusion-carousel-holder\"><li class=\"fusion-carousel-item\"><div class=\"fusion-carousel-item-wrapper\"><div class=\"fusion-image-wrapper hover-type-zoomin\"><img loading=\"lazy\" decoding=\"async\" width=\"250\" height=\"295\" src=\"http:\/\/montalvoabogados.com\/site\/wp-content\/uploads\/2018\/04\/titulo-montalvo-250x295.jpg\" class=\"attachment-portfolio-two size-portfolio-two\" alt=\"\" \/><\/div><\/div><\/li><li class=\"fusion-carousel-item\"><div class=\"fusion-carousel-item-wrapper\"><div class=\"fusion-image-wrapper hover-type-zoomin\"><img loading=\"lazy\" decoding=\"async\" width=\"250\" height=\"295\" src=\"http:\/\/montalvoabogados.com\/site\/wp-content\/uploads\/2018\/04\/despacho-montalvo-250x295.jpg\" class=\"attachment-portfolio-two size-portfolio-two\" alt=\"\" \/><\/div><\/div><\/li><\/ul><\/div><\/div><\/div><div class=\"fusion-clearfix\"><\/div>\n\n\t\t\t\t\t<\/div>\n\t\t\t\t<\/div><div  class=\"fusion-layout-column fusion_builder_column fusion_builder_column_3_4  fusion-three-fourth fusion-column-last 3_4\"  style='margin-top:0px;margin-bottom:20px;width:75%;width:calc(75% - ( ( 4% ) * 0.75 ) );'>\n\t\t\t\t\t<div class=\"fusion-column-wrapper\" style=\"background-position:left top;background-repeat:no-repeat;-webkit-background-size:cover;-moz-background-size:cover;-o-background-size:cover;background-size:cover;\"  data-bg-url=\"\">\n\t\t\t\t\t\t<div class=\"fusion-tabs fusion-tabs-1 classic horizontal-tabs icon-position-left\"><style type=\"text\/css\">.fusion-tabs.fusion-tabs-1 .nav-tabs li a{border-top-color:#ebeaea;background-color:#ebeaea;}.fusion-tabs.fusion-tabs-1 .nav-tabs{background-color:#ffffff;}.fusion-tabs.fusion-tabs-1 .nav-tabs li.active a,.fusion-tabs.fusion-tabs-1 .nav-tabs li.active a:hover,.fusion-tabs.fusion-tabs-1 .nav-tabs li.active a:focus{border-right-color:#ffffff;}.fusion-tabs.fusion-tabs-1 .nav-tabs li.active a,.fusion-tabs.fusion-tabs-1 .nav-tabs li.active a:hover,.fusion-tabs.fusion-tabs-1 .nav-tabs li.active a:focus{background-color:#ffffff;}.fusion-tabs.fusion-tabs-1 .nav-tabs li a:hover{background-color:#ffffff;border-top-color:#ffffff;}.fusion-tabs.fusion-tabs-1 .tab-pane{background-color:#ffffff;}.fusion-tabs.fusion-tabs-1 .nav,.fusion-tabs.fusion-tabs-1 .nav-tabs,.fusion-tabs.fusion-tabs-1 .tab-content .tab-pane{border-color:#ebeaea;}<\/style><div class=\"nav\"><ul class=\"nav-tabs nav-justified\"><li class=\"active\"><a class=\"tab-link\" data-toggle=\"tab\" id=\"fusion-tab-bufete\" href=\"#tab-b02463420b2f53d96a4\"><h4 class=\"fusion-tab-heading\">BUFETE<\/h4><\/a><\/li><li><a class=\"tab-link\" data-toggle=\"tab\" id=\"fusion-tab-misi\u00d3nyvisi\u00d3n\" href=\"#tab-47c68d6685ae67d4c25\"><h4 class=\"fusion-tab-heading\">MISI\u00d3N Y VISI\u00d3N<\/h4><\/a><\/li><li><a class=\"tab-link\" data-toggle=\"tab\" id=\"fusion-tab-valores\" href=\"#tab-2eae4caf09ed41f714f\"><h4 class=\"fusion-tab-heading\">VALORES<\/h4><\/a><\/li><\/ul><\/div><div class=\"tab-content\"><div class=\"nav fusion-mobile-tab-nav\"><ul class=\"nav-tabs nav-justified\"><li class=\"active\"><a class=\"tab-link\" data-toggle=\"tab\" id=\"mobile-fusion-tab-bufete\" href=\"#tab-b02463420b2f53d96a4\"><h4 class=\"fusion-tab-heading\">BUFETE<\/h4><\/a><\/li><\/ul><\/div><div class=\"tab-pane fade in active\" id=\"tab-b02463420b2f53d96a4\">\n<p><strong>PERFIL<\/strong><\/p>\n<p>La firma MONTALVO ABOGADOS &amp; ASOCIADOS fue fundada en 1989 por el licenciado ORLANDO H. MONTALVO ELIZONDO, con el principal objetivo de ofrecer servicios legales con profesionalismo y rectitud en las diversas \u00e1reas del Derecho, con los m\u00e1s altos principios de excelencia profesional, \u00e9tica, integridad, compromiso con las necesidades del cliente.<\/p>\n<p><strong>OBJETIVO<\/strong><\/p>\n<p>MONTALVO ELIZONDO &amp; ASOCIADOS, tiene como objetivo que usted, como tu empresa, tengan el respaldo legal que merece, ya sea preventivo o la soluci\u00f3n de cualquier conflicto jur\u00eddico dentro de la Rep\u00fablica Mexicana, a su m\u00e1s entera satisfacci\u00f3n.<\/p>\n<\/div><div class=\"nav fusion-mobile-tab-nav\"><ul class=\"nav-tabs nav-justified\"><li><a class=\"tab-link\" data-toggle=\"tab\" id=\"mobile-fusion-tab-misi\u00d3nyvisi\u00d3n\" href=\"#tab-47c68d6685ae67d4c25\"><h4 class=\"fusion-tab-heading\">MISI\u00d3N Y VISI\u00d3N<\/h4><\/a><\/li><\/ul><\/div><div class=\"tab-pane fade\" id=\"tab-47c68d6685ae67d4c25\">\n<p><strong>MISION<\/strong><\/p>\n<p>Nuestro desempe\u00f1o se ha formado con la experiencia adquirida a lo largo de los a\u00f1os, lo que nos permite estar actualizados por una mejora constante, permiti\u00e9ndonos otorgar la Asesor\u00eda, Consultor\u00eda, y Certidumbre legal de la m\u00e1s alta calidad y excelencia a nuestros clientes.<\/p>\n<p><strong>VISION<\/strong><\/p>\n<p>Ser una firma que trascienda, por sus valores y el cumplimiento recto de nuestro compromiso con nuestra clientela.<\/p>\n<\/div><div class=\"nav fusion-mobile-tab-nav\"><ul class=\"nav-tabs nav-justified\"><li><a class=\"tab-link\" data-toggle=\"tab\" id=\"mobile-fusion-tab-valores\" href=\"#tab-2eae4caf09ed41f714f\"><h4 class=\"fusion-tab-heading\">VALORES<\/h4><\/a><\/li><\/ul><\/div><div class=\"tab-pane fade\" id=\"tab-2eae4caf09ed41f714f\">\n<p><strong>HONESTIDAD<\/strong><\/p>\n<p>Ser transparentes y congruentes en nuestras acciones personales y profesionales, comportarnos y expresarnos con coherencia y sinceridad, hablando siempre con la verdad y justicia, Ser \u00edntegros e incorruptibles, cumplir con lo que nos comprometemos.<\/p>\n<p><strong>LEALTAD<\/strong><\/p>\n<p>Ser fieles a nuestra firma y a nuestros compromisos, identific\u00e1ndonos plenamente con nuestros clientes.<\/p>\n<p><strong>RESPETO<\/strong><\/p>\n<p>Sustento de nuestra moral y \u00e9tica profesional, dar el mismo respecto con el que exigimos ser tratados.<\/p>\n<p><strong>JUSTICIA<\/strong><\/p>\n<p>Actuar con equidad, \u00e9tica y honestidad, manteniendo la rectitud que nos rige conforme a las reglas sociales y disposiciones legales.<\/p>\n<\/div><\/div><\/div><div class=\"fusion-clearfix\"><\/div>\n\n\t\t\t\t\t<\/div>\n\t\t\t\t<\/div><\/div><\/div>\n","protected":false},"excerpt":{"rendered":"","protected":false},"author":1,"featured_media":0,"parent":0,"menu_order":0,"comment_status":"closed","ping_status":"open","template":"","meta":{"om_disable_all_campaigns":false,"_monsterinsights_skip_tracking":false,"_monsterinsights_sitenote_active":false,"_monsterinsights_sitenote_note":"","_monsterinsights_sitenote_category":0,"footnotes":""},"class_list":["post-2","page","type-page","status-publish","hentry"],"_links":{"self":[{"href":"http:\/\/montalvoabogados.com\/site\/wp-json\/wp\/v2\/pages\/2","targetHints":{"allow":["GET"]}}],"collection":[{"href":"http:\/\/montalvoabogados.com\/site\/wp-json\/wp\/v2\/pages"}],"about":[{"href":"http:\/\/montalvoabogados.com\/site\/wp-json\/wp\/v2\/types\/page"}],"author":[{"embeddable":true,"href":"http:\/\/montalvoabogados.com\/site\/wp-json\/wp\/v2\/users\/1"}],"replies":[{"embeddable":true,"href":"http:\/\/montalvoabogados.com\/site\/wp-json\/wp\/v2\/comments?post=2"}],"version-history":[{"count":16,"href":"http:\/\/montalvoabogados.com\/site\/wp-json\/wp\/v2\/pages\/2\/revisions"}],"predecessor-version":[{"id":36,"href":"http:\/\/montalvoabogados.com\/site\/wp-json\/wp\/v2\/pages\/2\/revisions\/36"}],"wp:attachment":[{"href":"http:\/\/montalvoabogados.com\/site\/wp-json\/wp\/v2\/media?parent=2"}],"curies":[{"name":"wp","href":"https:\/\/api.w.org\/{rel}","templated":true}]}}